{"id":1679,"date":"2026-04-17T14:54:33","date_gmt":"2026-04-17T14:54:33","guid":{"rendered":"https:\/\/logiknowledge.com\/?page_id=1679"},"modified":"2026-04-18T16:01:22","modified_gmt":"2026-04-18T16:01:22","slug":"hop-dong-chung-tu","status":"publish","type":"page","link":"https:\/\/logiknowledge.com\/?page_id=1679","title":{"rendered":"H\u1ee3p \u0111\u1ed3ng &#038; Ch\u1ee9ng t\u1eeb"},"content":{"rendered":"\t\t<div data-elementor-type=\"wp-page\" data-elementor-id=\"1679\" class=\"elementor elementor-1679\">\n\t\t\t\t<div class=\"elementor-element elementor-element-13752c3 e-con-full e-flex e-con e-parent\" data-id=\"13752c3\" data-element_type=\"container\" data-e-type=\"container\" data-settings=\"{&quot;background_background&quot;:&quot;classic&quot;}\">\n\t\t<div class=\"elementor-element elementor-element-cd25e54 e-flex e-con-boxed e-con e-child\" data-id=\"cd25e54\" data-element_type=\"container\" data-e-type=\"container\">\n\t\t\t\t\t<div class=\"e-con-inner\">\n\t\t\t\t<div class=\"elementor-element elementor-element-cda0d37 elementor-widget elementor-widget-heading\" data-id=\"cda0d37\" data-element_type=\"widget\" data-e-type=\"widget\" data-widget_type=\"heading.default\">\n\t\t\t\t\t<h2 class=\"elementor-heading-title elementor-size-default\">L\u01afU TR\u1eee KI\u1ebeN TH\u1ee8C PH\u00c1P L\u00dd<\/h2>\t\t\t\t<\/div>\n\t\t\t\t<div class=\"elementor-element elementor-element-4a14233 elementor-widget__width-initial elementor-widget elementor-widget-heading\" data-id=\"4a14233\" data-element_type=\"widget\" data-e-type=\"widget\" data-widget_type=\"heading.default\">\n\t\t\t\t\t<h2 class=\"elementor-heading-title elementor-size-default\">H\u1ec7 th\u1ed1ng Ph\u00e1p ch\u1ebf &amp; <br>H\u1ee3p \u0111\u1ed3ng Logistics Qu\u1ed1c t\u1ebf<\/h2>\t\t\t\t<\/div>\n\t\t\t\t<div class=\"elementor-element elementor-element-39efc84 elementor-widget__width-initial elementor-widget elementor-widget-text-editor\" data-id=\"39efc84\" data-element_type=\"widget\" data-e-type=\"widget\" data-widget_type=\"text-editor.default\">\n\t\t\t\t\t\t\t\t\t<p>Cung c\u1ea5p c\u00e1i nh\u00ecn to\u00e0n di\u1ec7n v\u1ec1 c\u1ea5u tr\u00fac ph\u00e1p l\u00fd trong chu\u1ed7i cung \u1ee9ng to\u00e0n&nbsp;c\u1ea7u, t\u1eeb c\u00e1c lo\u1ea1i h\u1ee3p \u0111\u1ed3ng v\u1eadn t\u1ea3i bi\u1ec3n \u0111\u1ebfn quy t\u1eafc th\u01b0\u01a1ng m\u1ea1i Incoterms hi\u1ec7n h\u00e0nh.<\/p>\t\t\t\t\t\t\t\t<\/div>\n\t\t\t\t\t<\/div>\n\t\t\t\t<\/div>\n\t\t\t\t<\/div>\n\t\t\t\t<\/div>\n\t\t","protected":false},"excerpt":{"rendered":"<p>L\u01afU TR\u1eee KI\u1ebeN TH\u1ee8C PH\u00c1P L\u00dd H\u1ec7 th\u1ed1ng Ph\u00e1p ch\u1ebf &amp; H\u1ee3p \u0111\u1ed3ng Logistics Qu\u1ed1c t\u1ebf Cung c\u1ea5p c\u00e1i nh\u00ecn to\u00e0n di\u1ec7n v\u1ec1 c\u1ea5u tr\u00fac ph\u00e1p l\u00fd trong chu\u1ed7i cung \u1ee9ng to\u00e0n&nbsp;c\u1ea7u, t\u1eeb c\u00e1c lo\u1ea1i h\u1ee3p \u0111\u1ed3ng v\u1eadn t\u1ea3i bi\u1ec3n \u0111\u1ebfn quy t\u1eafc th\u01b0\u01a1ng m\u1ea1i Incoterms hi\u1ec7n h\u00e0nh.<\/p>\n","protected":false},"author":1,"featured_media":0,"parent":0,"menu_order":0,"comment_status":"closed","ping_status":"closed","template":"","meta":{"footnotes":""},"class_list":["post-1679","page","type-page","status-publish","hentry"],"blocksy_meta":[],"_links":{"self":[{"href":"https:\/\/logiknowledge.com\/index.php?rest_route=\/wp\/v2\/pages\/1679","targetHints":{"allow":["GET"]}}],"collection":[{"href":"https:\/\/logiknowledge.com\/index.php?rest_route=\/wp\/v2\/pages"}],"about":[{"href":"https:\/\/logiknowledge.com\/index.php?rest_route=\/wp\/v2\/types\/page"}],"author":[{"embeddable":true,"href":"https:\/\/logiknowledge.com\/index.php?rest_route=\/wp\/v2\/users\/1"}],"replies":[{"embeddable":true,"href":"https:\/\/logiknowledge.com\/index.php?rest_route=%2Fwp%2Fv2%2Fcomments&post=1679"}],"version-history":[{"count":7,"href":"https:\/\/logiknowledge.com\/index.php?rest_route=\/wp\/v2\/pages\/1679\/revisions"}],"predecessor-version":[{"id":1859,"href":"https:\/\/logiknowledge.com\/index.php?rest_route=\/wp\/v2\/pages\/1679\/revisions\/1859"}],"wp:attachment":[{"href":"https:\/\/logiknowledge.com\/index.php?rest_route=%2Fwp%2Fv2%2Fmedia&parent=1679"}],"curies":[{"name":"wp","href":"https:\/\/api.w.org\/{rel}","templated":true}]}}