{"id":1800,"date":"2026-04-17T18:11:42","date_gmt":"2026-04-17T18:11:42","guid":{"rendered":"https:\/\/logiknowledge.com\/?page_id=1800"},"modified":"2026-04-18T15:59:25","modified_gmt":"2026-04-18T15:59:25","slug":"trang-chu","status":"publish","type":"page","link":"https:\/\/logiknowledge.com\/","title":{"rendered":"Trang ch\u1ee7"},"content":{"rendered":"\t\t<div data-elementor-type=\"wp-page\" data-elementor-id=\"1800\" class=\"elementor elementor-1800\">\n\t\t\t\t<div class=\"elementor-element elementor-element-369fe17 e-con-full e-flex e-con e-parent\" data-id=\"369fe17\" data-element_type=\"container\" data-e-type=\"container\" data-settings=\"{&quot;background_background&quot;:&quot;classic&quot;}\">\n\t\t<div class=\"elementor-element elementor-element-c8112da e-flex e-con-boxed e-con e-child\" data-id=\"c8112da\" data-element_type=\"container\" data-e-type=\"container\">\n\t\t\t\t\t<div class=\"e-con-inner\">\n\t\t\t\t<div class=\"elementor-element elementor-element-4a69030 elementor-widget elementor-widget-text-editor\" data-id=\"4a69030\" data-element_type=\"widget\" data-e-type=\"widget\" data-widget_type=\"text-editor.default\">\n\t\t\t\t\t\t\t\t\t<p>H\u1ec6 TH\u1ed0NG H\u00d3A TRI TH\u1ee8C LOGISTICS<\/p>\t\t\t\t\t\t\t\t<\/div>\n\t\t\t\t<div class=\"elementor-element elementor-element-d0174b9 elementor-widget elementor-widget-heading\" data-id=\"d0174b9\" data-element_type=\"widget\" data-e-type=\"widget\" data-widget_type=\"heading.default\">\n\t\t\t\t\t<h2 class=\"elementor-heading-title elementor-size-default\">Ki\u1ebfn t\u1ea1o b\u1ea3n \u0111\u1ed3 tri th\u1ee9c Logistics Vi\u1ec7t Nam<\/h2>\t\t\t\t<\/div>\n\t\t\t\t<div class=\"elementor-element elementor-element-f3baa06 elementor-widget elementor-widget-text-editor\" data-id=\"f3baa06\" data-element_type=\"widget\" data-e-type=\"widget\" data-widget_type=\"text-editor.default\">\n\t\t\t\t\t\t\t\t\t<p>Logiverse chuy\u1ec3n h\u00f3a nh\u1eefng gi\u00e1o tr\u00ecnh qu\u1ed1c t\u1ebf tinh hoa nh\u1ea5t v\u00e0o b\u1ed1i c\u1ea3nh th\u1ef1c ti\u1ec5n c\u1ee7a chu\u1ed7i cung \u1ee9ng n\u1ed9i \u0111\u1ecba, x\u00e2y d\u1ef1ng n\u1ec1n t\u1ea3ng h\u1ecdc thu\u1eadt v\u1eefng ch\u1eafc cho chuy\u00ean gia v\u00e0 th\u1ebf h\u1ec7 k\u1ebf c\u1eadn.<\/p>\t\t\t\t\t\t\t\t<\/div>\n\t\t<div class=\"elementor-element elementor-element-70efcf3 e-con-full e-flex e-con e-child\" data-id=\"70efcf3\" data-element_type=\"container\" data-e-type=\"container\">\n\t\t\t\t<div class=\"elementor-element elementor-element-0330f5c elementor-widget elementor-widget-button\" data-id=\"0330f5c\" data-element_type=\"widget\" data-e-type=\"widget\" data-widget_type=\"button.default\">\n\t\t\t\t\t\t\t\t\t\t<a class=\"elementor-button elementor-button-link elementor-size-sm\" href=\"#\">\n\t\t\t\t\t\t<span class=\"elementor-button-content-wrapper\">\n\t\t\t\t\t\t\t\t\t<span class=\"elementor-button-text\">B\u1eaft \u0111\u1ea7u kh\u00e1m ph\u00e1 \u2192<\/span>\n\t\t\t\t\t<\/span>\n\t\t\t\t\t<\/a>\n\t\t\t\t\t\t\t\t<\/div>\n\t\t\t\t<div class=\"elementor-element elementor-element-3ab2c06 elementor-widget elementor-widget-button\" data-id=\"3ab2c06\" data-element_type=\"widget\" data-e-type=\"widget\" data-widget_type=\"button.default\">\n\t\t\t\t\t\t\t\t\t\t<a class=\"elementor-button elementor-button-link elementor-size-sm\" href=\"\">\n\t\t\t\t\t\t<span class=\"elementor-button-content-wrapper\">\n\t\t\t\t\t\t\t\t\t<span class=\"elementor-button-text\">Xem Case Study<\/span>\n\t\t\t\t\t<\/span>\n\t\t\t\t\t<\/a>\n\t\t\t\t\t\t\t\t<\/div>\n\t\t\t\t<\/div>\n\t\t\t\t\t<\/div>\n\t\t\t\t<\/div>\n\t\t\t\t<\/div>\n\t\t<div class=\"elementor-element elementor-element-1cff2f4 e-flex e-con-boxed e-con e-parent\" data-id=\"1cff2f4\" data-element_type=\"container\" data-e-type=\"container\">\n\t\t\t\t\t<div class=\"e-con-inner\">\n\t\t\t\t<div class=\"elementor-element elementor-element-7f9b454 elementor-widget elementor-widget-spacer\" data-id=\"7f9b454\" data-element_type=\"widget\" data-e-type=\"widget\" data-widget_type=\"spacer.default\">\n\t\t\t\t\t\t\t<div class=\"elementor-spacer\">\n\t\t\t<div class=\"elementor-spacer-inner\"><\/div>\n\t\t<\/div>\n\t\t\t\t\t\t<\/div>\n\t\t\t\t\t<\/div>\n\t\t\t\t<\/div>\n\t\t<div class=\"elementor-element elementor-element-5670ea5 e-flex e-con-boxed e-con e-parent\" data-id=\"5670ea5\" data-element_type=\"container\" data-e-type=\"container\" data-settings=\"{&quot;background_background&quot;:&quot;classic&quot;}\">\n\t\t\t\t\t<div class=\"e-con-inner\">\n\t\t<div class=\"elementor-element elementor-element-cc8172b e-con-full e-flex e-con e-child\" data-id=\"cc8172b\" data-element_type=\"container\" data-e-type=\"container\">\n\t\t<div class=\"elementor-element elementor-element-182884a e-con-full e-flex e-con e-child\" data-id=\"182884a\" data-element_type=\"container\" data-e-type=\"container\">\n\t\t\t\t<div class=\"elementor-element elementor-element-952e18f elementor-widget elementor-widget-heading\" data-id=\"952e18f\" data-element_type=\"widget\" data-e-type=\"widget\" data-widget_type=\"heading.default\">\n\t\t\t\t\t<h2 class=\"elementor-heading-title elementor-size-default\">S\u1ee9 m\u1ec7nh c\u1ee7a ch\u00fang t\u00f4i<\/h2>\t\t\t\t<\/div>\n\t\t\t\t<div class=\"elementor-element elementor-element-1fb2d44 elementor-widget elementor-widget-text-editor\" data-id=\"1fb2d44\" data-element_type=\"widget\" data-e-type=\"widget\" data-widget_type=\"text-editor.default\">\n\t\t\t\t\t\t\t\t\t<p>&#8220;Trong m\u1ed9t th\u1ebf gi\u1edbi v\u1eadn h\u00e0nh b\u1eb1ng d\u1eef li\u1ec7u v\u00e0 d\u00f2ng ch\u1ea3y\u00a0h\u00e0ng h\u00f3a, tri th\u1ee9c l\u00e0 m\u1ecf neo duy nh\u1ea5t gi\u00fap ch\u00fang ta \u0111\u1ecbnh\u00a0v\u1ecb t\u01b0\u01a1ng lai.&#8221;<\/p>\t\t\t\t\t\t\t\t<\/div>\n\t\t\t\t<div class=\"elementor-element elementor-element-21642ad elementor-widget elementor-widget-text-editor\" data-id=\"21642ad\" data-element_type=\"widget\" data-e-type=\"widget\" data-widget_type=\"text-editor.default\">\n\t\t\t\t\t\t\t\t\t<p>Logiverse ra \u0111\u1eddi v\u1edbi t\u00e2m th\u1ebf c\u1ee7a m\u1ed9t ng\u01b0\u1eddi l\u00e0m b\u00e1o h\u1ecdc thu\u1eadt, t\u1eadp trung v\u00e0o vi\u1ec7c h\u1ec7 th\u1ed1ng h\u00f3a c\u00e1c t\u00e0i li\u1ec7u chuy\u00ean ng\u00e0nh t\u1eeb c\u00e1c\u00a0tr\u01b0\u1eddng \u0111\u1ea1i h\u1ecdc h\u00e0ng \u0111\u1ea7u th\u1ebf gi\u1edbi (MIT, TU Delft, NUS) v\u00e0 tinh g\u1ecdn\u00a0ch\u00fang \u0111\u1ec1 ph\u00f9 h\u1ee3p v\u1edbi \u0111\u1eb7c th\u00f9 v\u1eadn h\u00e0nh t\u1ea1i Vi\u1ec7t Nam.<\/p><p>Ch\u00fang t\u00f4i tin r\u1eb1ng, \u0111\u1ec3 Logistics Vi\u1ec7t Nam v\u01b0\u01a1n t\u1ea7m th\u1ebf gi\u1edbi, sinh vi\u00ean v\u00e0 chuy\u00ean gia c\u1ea7n \u0111\u01b0\u1ee3c ti\u1ebfp c\u1eadn v\u1edbi m\u1ed9t n\u1ec1n t\u00e0ng th\u00f4ng tin c\u00f3\u00a0chi\u1ec1u s\u00e2u, t\u00ednh ch\u00ednh x\u00e1c cao v\u00e0 kh\u1ea3 n\u0103ng \u1ee9ng d\u1ee5ng tr\u1ef1c ti\u1ebfp v\u00e0o\u00a0c\u00e1c th\u00e1ch th\u1ee9c n\u1ed9i \u0111\u1ecba.<\/p>\t\t\t\t\t\t\t\t<\/div>\n\t\t\t\t<\/div>\n\t\t<div class=\"elementor-element elementor-element-9a3e216 e-con-full e-flex e-con e-child\" data-id=\"9a3e216\" data-element_type=\"container\" data-e-type=\"container\">\n\t\t<div class=\"elementor-element elementor-element-2172a3a e-con-full e-flex e-con e-child\" data-id=\"2172a3a\" data-element_type=\"container\" data-e-type=\"container\">\n\t\t<div class=\"elementor-element elementor-element-592a740 e-con-full e-flex e-con e-child\" data-id=\"592a740\" data-element_type=\"container\" data-e-type=\"container\" data-settings=\"{&quot;background_background&quot;:&quot;classic&quot;}\">\n\t\t\t\t<div class=\"elementor-element elementor-element-af2b5fa elementor-widget elementor-widget-heading\" data-id=\"af2b5fa\" data-element_type=\"widget\" data-e-type=\"widget\" data-widget_type=\"heading.default\">\n\t\t\t\t\t<h2 class=\"elementor-heading-title elementor-size-default\">500+<\/h2>\t\t\t\t<\/div>\n\t\t\t\t<div class=\"elementor-element elementor-element-890cae9 elementor-widget elementor-widget-text-editor\" data-id=\"890cae9\" data-element_type=\"widget\" data-e-type=\"widget\" data-widget_type=\"text-editor.default\">\n\t\t\t\t\t\t\t\t\t<p>T\u00c0I LI\u1ec6U CHUY\u00caN S\u00c2U<\/p>\t\t\t\t\t\t\t\t<\/div>\n\t\t\t\t<\/div>\n\t\t\t\t<div class=\"elementor-element elementor-element-74562c2 elementor-widget elementor-widget-image\" data-id=\"74562c2\" data-element_type=\"widget\" data-e-type=\"widget\" data-widget_type=\"image.default\">\n\t\t\t\t\t\t\t\t\t\t\t\t\t\t\t<img fetchpriority=\"high\" decoding=\"async\" width=\"744\" height=\"685\" src=\"https:\/\/logiknowledge.com\/wp-content\/uploads\/2026\/04\/Screenshot-2026-04-18-104852.png\" class=\"attachment-large size-large wp-image-1823\" alt=\"\" srcset=\"https:\/\/logiknowledge.com\/wp-content\/uploads\/2026\/04\/Screenshot-2026-04-18-104852.png 744w, https:\/\/logiknowledge.com\/wp-content\/uploads\/2026\/04\/Screenshot-2026-04-18-104852-300x276.png 300w\" sizes=\"(max-width: 744px) 100vw, 744px\" \/>\t\t\t\t\t\t\t\t\t\t\t\t\t\t\t<\/div>\n\t\t\t\t<\/div>\n\t\t<div class=\"elementor-element elementor-element-d56c9df e-con-full e-flex e-con e-child\" data-id=\"d56c9df\" data-element_type=\"container\" data-e-type=\"container\">\n\t\t\t\t<div class=\"elementor-element elementor-element-6d5ca9e elementor-widget elementor-widget-image\" data-id=\"6d5ca9e\" data-element_type=\"widget\" data-e-type=\"widget\" data-widget_type=\"image.default\">\n\t\t\t\t\t\t\t\t\t\t\t\t\t\t\t<img decoding=\"async\" width=\"736\" height=\"677\" src=\"https:\/\/logiknowledge.com\/wp-content\/uploads\/2026\/04\/Screenshot-2026-04-18-105105.png\" class=\"attachment-large size-large wp-image-1824\" alt=\"\" srcset=\"https:\/\/logiknowledge.com\/wp-content\/uploads\/2026\/04\/Screenshot-2026-04-18-105105.png 736w, https:\/\/logiknowledge.com\/wp-content\/uploads\/2026\/04\/Screenshot-2026-04-18-105105-300x276.png 300w\" sizes=\"(max-width: 736px) 100vw, 736px\" \/>\t\t\t\t\t\t\t\t\t\t\t\t\t\t\t<\/div>\n\t\t<div class=\"elementor-element elementor-element-9ac60b0 e-con-full e-flex e-con e-child\" data-id=\"9ac60b0\" data-element_type=\"container\" data-e-type=\"container\" data-settings=\"{&quot;background_background&quot;:&quot;classic&quot;}\">\n\t\t\t\t<div class=\"elementor-element elementor-element-b518425 elementor-widget elementor-widget-heading\" data-id=\"b518425\" data-element_type=\"widget\" data-e-type=\"widget\" data-widget_type=\"heading.default\">\n\t\t\t\t\t<h2 class=\"elementor-heading-title elementor-size-default\">100%<\/h2>\t\t\t\t<\/div>\n\t\t\t\t<div class=\"elementor-element elementor-element-328ab22 elementor-widget elementor-widget-text-editor\" data-id=\"328ab22\" data-element_type=\"widget\" data-e-type=\"widget\" data-widget_type=\"text-editor.default\">\n\t\t\t\t\t\t\t\t\t<p>TH\u1ef0C TI\u1ec4N VI\u1ec6T NAM<\/p>\t\t\t\t\t\t\t\t<\/div>\n\t\t\t\t<\/div>\n\t\t\t\t<\/div>\n\t\t\t\t<\/div>\n\t\t\t\t<\/div>\n\t\t\t\t\t<\/div>\n\t\t\t\t<\/div>\n\t\t<div class=\"elementor-element elementor-element-7561fbe e-flex e-con-boxed e-con e-parent\" data-id=\"7561fbe\" data-element_type=\"container\" data-e-type=\"container\">\n\t\t\t\t\t<div class=\"e-con-inner\">\n\t\t<div class=\"elementor-element elementor-element-3f32030 e-con-full e-flex e-con e-child\" data-id=\"3f32030\" data-element_type=\"container\" data-e-type=\"container\">\n\t\t<div class=\"elementor-element elementor-element-8d92698 e-con-full e-flex e-con e-child\" data-id=\"8d92698\" data-element_type=\"container\" data-e-type=\"container\" data-settings=\"{&quot;background_background&quot;:&quot;classic&quot;}\">\n\t\t\t\t<div class=\"elementor-element elementor-element-a3f1e54 elementor-widget elementor-widget-heading\" data-id=\"a3f1e54\" data-element_type=\"widget\" data-e-type=\"widget\" data-widget_type=\"heading.default\">\n\t\t\t\t\t<h2 class=\"elementor-heading-title elementor-size-default\">INFRASTRUCTURE<\/h2>\t\t\t\t<\/div>\n\t\t\t\t<div class=\"elementor-element elementor-element-2b68a55 elementor-widget elementor-widget-heading\" data-id=\"2b68a55\" data-element_type=\"widget\" data-e-type=\"widget\" data-widget_type=\"heading.default\">\n\t\t\t\t\t<h2 class=\"elementor-heading-title elementor-size-default\">C\u1ea3ng C\u00e1t L\u00e1i: B\u00e0i to\u00e1n t\u1ed1i \u01b0u h\u00f3a l\u01b0u l\u01b0\u1ee3ng v\u00e0 chuy\u1ec3n \u0111\u1ed5i s\u1ed1<\/h2>\t\t\t\t<\/div>\n\t\t\t\t<div class=\"elementor-element elementor-element-231908b elementor-widget elementor-widget-text-editor\" data-id=\"231908b\" data-element_type=\"widget\" data-e-type=\"widget\" data-widget_type=\"text-editor.default\">\n\t\t\t\t\t\t\t\t\t<p>Ph\u00e2n t\u00edch chuy\u00ean s\u00e2u v\u1ec1 c\u00e1ch c\u1ea3ng container l\u1edbn nh\u1ea5t Vi\u1ec7t Nam gi\u1ea3i quy\u1ebft t\u00ecnh tr\u1ea1ng t\u1eafc ngh\u1ebdn&#8230;<\/p>\t\t\t\t\t\t\t\t<\/div>\n\t\t\t\t<div class=\"elementor-element elementor-element-cd2feab elementor-widget elementor-widget-button\" data-id=\"cd2feab\" data-element_type=\"widget\" data-e-type=\"widget\" data-widget_type=\"button.default\">\n\t\t\t\t\t\t\t\t\t\t<a class=\"elementor-button elementor-button-link elementor-size-sm\" href=\"#\">\n\t\t\t\t\t\t<span class=\"elementor-button-content-wrapper\">\n\t\t\t\t\t\t\t\t\t<span class=\"elementor-button-text\">\u0110\u1ecdc nghi\u00ean c\u1ee9u \u0111\u1ea7y \u0111\u1ee7 \u2192<\/span>\n\t\t\t\t\t<\/span>\n\t\t\t\t\t<\/a>\n\t\t\t\t\t\t\t\t<\/div>\n\t\t\t\t<\/div>\n\t\t\t\t<\/div>\n\t\t<div class=\"elementor-element elementor-element-e7cb3e7 e-con-full e-flex e-con e-child\" data-id=\"e7cb3e7\" data-element_type=\"container\" data-e-type=\"container\">\n\t\t<div class=\"elementor-element elementor-element-754a889 e-con-full e-flex e-con e-child\" data-id=\"754a889\" data-element_type=\"container\" data-e-type=\"container\" data-settings=\"{&quot;background_background&quot;:&quot;classic&quot;}\">\n\t\t\t\t<div class=\"elementor-element elementor-element-fa68279 elementor-widget elementor-widget-heading\" data-id=\"fa68279\" data-element_type=\"widget\" data-e-type=\"widget\" data-widget_type=\"heading.default\">\n\t\t\t\t\t<h2 class=\"elementor-heading-title elementor-size-default\">SUPPLY CHAIN<\/h2>\t\t\t\t<\/div>\n\t\t\t\t<div class=\"elementor-element elementor-element-56a0455 elementor-widget elementor-widget-heading\" data-id=\"56a0455\" data-element_type=\"widget\" data-e-type=\"widget\" data-widget_type=\"heading.default\">\n\t\t\t\t\t<h2 class=\"elementor-heading-title elementor-size-default\">Chu\u1ed7i cung \u1ee9ng Vinamilk: T\u1eeb \u0111\u1ed3ng c\u1ecf \u0111\u1ebfn b\u00e0n \u0103n<\/h2>\t\t\t\t<\/div>\n\t\t\t\t<\/div>\n\t\t<div class=\"elementor-element elementor-element-5ae5b82 e-con-full e-flex e-con e-child\" data-id=\"5ae5b82\" data-element_type=\"container\" data-e-type=\"container\" data-settings=\"{&quot;background_background&quot;:&quot;classic&quot;}\">\n\t\t\t\t<div class=\"elementor-element elementor-element-e7d1689 elementor-widget elementor-widget-heading\" data-id=\"e7d1689\" data-element_type=\"widget\" data-e-type=\"widget\" data-widget_type=\"heading.default\">\n\t\t\t\t\t<h2 class=\"elementor-heading-title elementor-size-default\">E-COMMERCE<\/h2>\t\t\t\t<\/div>\n\t\t\t\t<div class=\"elementor-element elementor-element-f353397 elementor-widget elementor-widget-heading\" data-id=\"f353397\" data-element_type=\"widget\" data-e-type=\"widget\" data-widget_type=\"heading.default\">\n\t\t\t\t\t<h2 class=\"elementor-heading-title elementor-size-default\">Shopee &amp; Giao h\u00e0ng ch\u1eb7ng cu\u1ed1i trong b\u1ed1i c\u1ea3nh \u0111\u00f4 th\u1ecb Vi\u1ec7t Nam<\/h2>\t\t\t\t<\/div>\n\t\t\t\t<\/div>\n\t\t\t\t<\/div>\n\t\t\t\t\t<\/div>\n\t\t\t\t<\/div>\n\t\t<div class=\"elementor-element elementor-element-dbc9b1d e-flex e-con-boxed e-con e-parent\" data-id=\"dbc9b1d\" data-element_type=\"container\" data-e-type=\"container\">\n\t\t\t\t\t<div class=\"e-con-inner\">\n\t\t\t\t<div class=\"elementor-element elementor-element-99c831e elementor-widget elementor-widget-spacer\" data-id=\"99c831e\" data-element_type=\"widget\" data-e-type=\"widget\" data-widget_type=\"spacer.default\">\n\t\t\t\t\t\t\t<div class=\"elementor-spacer\">\n\t\t\t<div class=\"elementor-spacer-inner\"><\/div>\n\t\t<\/div>\n\t\t\t\t\t\t<\/div>\n\t\t\t\t\t<\/div>\n\t\t\t\t<\/div>\n\t\t<div class=\"elementor-element elementor-element-452cf5d e-flex e-con-boxed e-con e-parent\" data-id=\"452cf5d\" data-element_type=\"container\" data-e-type=\"container\">\n\t\t\t\t\t<div class=\"e-con-inner\">\n\t\t<div class=\"elementor-element elementor-element-0a9f4be e-con-full e-flex e-con e-child\" data-id=\"0a9f4be\" data-element_type=\"container\" data-e-type=\"container\">\n\t\t\t\t<div class=\"elementor-element elementor-element-e1729dd elementor-widget__width-initial elementor-widget elementor-widget-heading\" data-id=\"e1729dd\" data-element_type=\"widget\" data-e-type=\"widget\" data-widget_type=\"heading.default\">\n\t\t\t\t\t<h2 class=\"elementor-heading-title elementor-size-default\">Tin t\u1ee9c th\u1ecb tr\u01b0\u1eddng<\/h2>\t\t\t\t<\/div>\n\t\t\t\t<div class=\"elementor-element elementor-element-9d2e629 elementor-widget elementor-widget-text-editor\" data-id=\"9d2e629\" data-element_type=\"widget\" data-e-type=\"widget\" data-widget_type=\"text-editor.default\">\n\t\t\t\t\t\t\t\t\t<p>C\u1eadp nh\u1eadt bi\u1ebfn \u0111\u1ed9ng gi\u00e1 c\u01b0\u1edbc, ch\u00ednh s\u00e1ch m\u1edbi v\u00e0 xu h\u01b0\u1edbng d\u1ecbch chuy\u1ec3n d\u00f2ng v\u1ed1n \u0111\u1ea7u t\u01b0 Logistics&#8230;<\/p>\t\t\t\t\t\t\t\t<\/div>\n\t\t\t\t<\/div>\n\t\t<div class=\"elementor-element elementor-element-c9eb4a6 e-flex e-con-boxed e-con e-child\" data-id=\"c9eb4a6\" data-element_type=\"container\" data-e-type=\"container\">\n\t\t\t\t\t<div class=\"e-con-inner\">\n\t\t<div class=\"elementor-element elementor-element-68bcc90 e-con-full e-flex e-con e-child\" data-id=\"68bcc90\" data-element_type=\"container\" data-e-type=\"container\">\n\t\t<div class=\"elementor-element elementor-element-4596315 e-con-full e-flex e-con e-child\" data-id=\"4596315\" data-element_type=\"container\" data-e-type=\"container\" data-settings=\"{&quot;background_background&quot;:&quot;classic&quot;}\">\n\t\t\t\t<\/div>\n\t\t<div class=\"elementor-element elementor-element-ae98f8b e-con-full e-flex e-con e-child\" data-id=\"ae98f8b\" data-element_type=\"container\" data-e-type=\"container\">\n\t\t\t\t<div class=\"elementor-element elementor-element-0056dc2 elementor-widget elementor-widget-heading\" data-id=\"0056dc2\" data-element_type=\"widget\" data-e-type=\"widget\" data-widget_type=\"heading.default\">\n\t\t\t\t\t<h2 class=\"elementor-heading-title elementor-size-default\">V\u1eacN T\u1ea2I H\u00c0NG KH\u00d4NG   14 Th\u00e1ng 5, 2024<\/h2>\t\t\t\t<\/div>\n\t\t\t\t<div class=\"elementor-element elementor-element-45c3853 elementor-widget elementor-widget-heading\" data-id=\"45c3853\" data-element_type=\"widget\" data-e-type=\"widget\" data-widget_type=\"heading.default\">\n\t\t\t\t\t<h2 class=\"elementor-heading-title elementor-size-default\">Gi\u00e1 c\u01b0\u1edbc v\u1eadn t\u1ea3i h\u00e0ng kh\u00f4ng t\u0103ng m\u1ea1nh trong Qu\u00fd II<\/h2>\t\t\t\t<\/div>\n\t\t\t\t<div class=\"elementor-element elementor-element-79a47de elementor-widget elementor-widget-text-editor\" data-id=\"79a47de\" data-element_type=\"widget\" data-e-type=\"widget\" data-widget_type=\"text-editor.default\">\n\t\t\t\t\t\t\t\t\t<p>S\u1ef1 \u0111\u1ee9t g\u00e3y trong c\u00e1c tuy\u1ebfn \u0111\u01b0\u1eddng bi\u1ec3n \u0111\u00e3 khi\u1ebfn nhu c\u1ea7u v\u1eadn t\u1ea3i h\u00e0ng kh\u00f4ng t\u0103ng \u0111\u1ed9t bi\u1ebfn, k\u00e9o theo \u0111\u00f3 l\u00e0 s\u1ef1 bi\u1ebfn \u0111\u1ed9ng m\u1ea1nh v\u1ec1 chi ph\u00ed &#8230;<\/p>\t\t\t\t\t\t\t\t<\/div>\n\t\t\t\t<\/div>\n\t\t\t\t<\/div>\n\t\t<div class=\"elementor-element elementor-element-730ec8e e-con-full e-flex e-con e-child\" data-id=\"730ec8e\" data-element_type=\"container\" data-e-type=\"container\">\n\t\t<div class=\"elementor-element elementor-element-cea2181 e-con-full e-flex e-con e-child\" data-id=\"cea2181\" data-element_type=\"container\" data-e-type=\"container\" data-settings=\"{&quot;background_background&quot;:&quot;classic&quot;}\">\n\t\t\t\t<\/div>\n\t\t<div class=\"elementor-element elementor-element-da53def e-con-full e-flex e-con e-child\" data-id=\"da53def\" data-element_type=\"container\" data-e-type=\"container\">\n\t\t\t\t<div class=\"elementor-element elementor-element-1658cbd elementor-widget elementor-widget-heading\" data-id=\"1658cbd\" data-element_type=\"widget\" data-e-type=\"widget\" data-widget_type=\"heading.default\">\n\t\t\t\t\t<h2 class=\"elementor-heading-title elementor-size-default\">CH\u00cdNH S\u00c1CH 12 Th\u00e1ng 5, 2024<\/h2>\t\t\t\t<\/div>\n\t\t\t\t<div class=\"elementor-element elementor-element-7dc0287 elementor-widget elementor-widget-heading\" data-id=\"7dc0287\" data-element_type=\"widget\" data-e-type=\"widget\" data-widget_type=\"heading.default\">\n\t\t\t\t\t<h2 class=\"elementor-heading-title elementor-size-default\">Ngh\u1ecb \u0111\u1ecbnh m\u1edbi v\u1ec1 khuy\u1ebfn kh\u00edch \u0111\u1ea7u t\u01b0 h\u1ea1 t\u1ea7ng Logistics xanh: C\u01a1 h\u1ed9i cho doanh nghi\u1ec7p n\u1ed9i \u0111\u1ecba<\/h2>\t\t\t\t<\/div>\n\t\t\t\t<div class=\"elementor-element elementor-element-0a0e88b elementor-widget elementor-widget-text-editor\" data-id=\"0a0e88b\" data-element_type=\"widget\" data-e-type=\"widget\" data-widget_type=\"text-editor.default\">\n\t\t\t\t\t\t\t\t\t<p>C\u00e1c ch\u00ednh s\u00e1ch thu\u1ebf \u01b0u \u0111\u00e3i v\u00e0 h\u1ed7 tr\u1ee3 t\u00edn d\u1ee5ng \u0111ang m\u1edf ra l\u1ed9 tr\u00ecnh m\u1edbi cho vi\u1ec7c x\u00e2y d\u1ef1ng c\u00e1c kho b\u00e3i th\u00f4ng minh ti\u1ebft ki\u1ec7m n\u0103ng l\u01b0\u1ee3ng\u00a0<\/p>\t\t\t\t\t\t\t\t<\/div>\n\t\t\t\t<\/div>\n\t\t\t\t<\/div>\n\t\t\t\t\t<\/div>\n\t\t\t\t<\/div>\n\t\t\t\t\t<\/div>\n\t\t\t\t<\/div>\n\t\t\t\t<\/div>\n\t\t","protected":false},"excerpt":{"rendered":"<p>H\u1ec6 TH\u1ed0NG H\u00d3A TRI TH\u1ee8C LOGISTICS Ki\u1ebfn t\u1ea1o b\u1ea3n \u0111\u1ed3 tri th\u1ee9c Logistics Vi\u1ec7t Nam Logiverse chuy\u1ec3n h\u00f3a nh\u1eefng gi\u00e1o tr\u00ecnh qu\u1ed1c t\u1ebf tinh hoa nh\u1ea5t v\u00e0o b\u1ed1i c\u1ea3nh th\u1ef1c ti\u1ec5n c\u1ee7a chu\u1ed7i cung \u1ee9ng n\u1ed9i \u0111\u1ecba, x\u00e2y d\u1ef1ng n\u1ec1n t\u1ea3ng h\u1ecdc thu\u1eadt v\u1eefng ch\u1eafc cho chuy\u00ean gia v\u00e0 th\u1ebf h\u1ec7 k\u1ebf c\u1eadn. B\u1eaft \u0111\u1ea7u [&hellip;]<\/p>\n","protected":false},"author":1,"featured_media":0,"parent":0,"menu_order":0,"comment_status":"closed","ping_status":"closed","template":"","meta":{"footnotes":""},"class_list":["post-1800","page","type-page","status-publish","hentry"],"blocksy_meta":[],"_links":{"self":[{"href":"https:\/\/logiknowledge.com\/index.php?rest_route=\/wp\/v2\/pages\/1800","targetHints":{"allow":["GET"]}}],"collection":[{"href":"https:\/\/logiknowledge.com\/index.php?rest_route=\/wp\/v2\/pages"}],"about":[{"href":"https:\/\/logiknowledge.com\/index.php?rest_route=\/wp\/v2\/types\/page"}],"author":[{"embeddable":true,"href":"https:\/\/logiknowledge.com\/index.php?rest_route=\/wp\/v2\/users\/1"}],"replies":[{"embeddable":true,"href":"https:\/\/logiknowledge.com\/index.php?rest_route=%2Fwp%2Fv2%2Fcomments&post=1800"}],"version-history":[{"count":40,"href":"https:\/\/logiknowledge.com\/index.php?rest_route=\/wp\/v2\/pages\/1800\/revisions"}],"predecessor-version":[{"id":1856,"href":"https:\/\/logiknowledge.com\/index.php?rest_route=\/wp\/v2\/pages\/1800\/revisions\/1856"}],"wp:attachment":[{"href":"https:\/\/logiknowledge.com\/index.php?rest_route=%2Fwp%2Fv2%2Fmedia&parent=1800"}],"curies":[{"name":"wp","href":"https:\/\/api.w.org\/{rel}","templated":true}]}}